{"id":1008,"date":"2021-08-24T15:13:28","date_gmt":"2021-08-24T15:13:28","guid":{"rendered":"https:\/\/desomedical.ch\/beratung\/"},"modified":"2024-03-19T15:42:35","modified_gmt":"2024-03-19T15:42:35","slug":"conseil","status":"publish","type":"page","link":"https:\/\/desomedical.ch\/fr\/conseil\/","title":{"rendered":"Conseil"},"content":{"rendered":"<p>[et_pb_section fb_built=\u00a0\u00bb1&Prime; custom_padding_last_edited=\u00a0\u00bbon|desktop\u00a0\u00bb next_background_color=\u00a0\u00bb#fbfcfd\u00a0\u00bb admin_label=\u00a0\u00bbHeader\u00a0\u00bb _builder_version=\u00a0\u00bb4.16&Prime; use_background_color_gradient=\u00a0\u00bbon\u00a0\u00bb background_color_gradient_direction=\u00a0\u00bb102deg\u00a0\u00bb background_color_gradient_stops=\u00a0\u00bb#008b6f 36%|#008b6f 50%\u00a0\u00bb background_color_gradient_start=\u00a0\u00bb#008b6f\u00a0\u00bb background_color_gradient_start_position=\u00a0\u00bb36%\u00a0\u00bb background_color_gradient_end=\u00a0\u00bb#008b6f\u00a0\u00bb background_color_gradient_end_position=\u00a0\u00bb50%\u00a0\u00bb background_enable_image=\u00a0\u00bboff\u00a0\u00bb background_size=\u00a0\u00bbcontain\u00a0\u00bb background_position=\u00a0\u00bbbottom_right\u00a0\u00bb custom_padding=\u00a0\u00bb5vw||15vw||false|false\u00a0\u00bb custom_padding_tablet=\u00a0\u00bb\u00a0\u00bb custom_padding_phone=\u00a0\u00bb40px||40px||true|false\u00a0\u00bb top_divider_color=\u00a0\u00bb#008b6f\u00a0\u00bb top_divider_height=\u00a0\u00bb500px\u00a0\u00bb top_divider_repeat=\u00a0\u00bb1x\u00a0\u00bb bottom_divider_style=\u00a0\u00bbramp\u00a0\u00bb bottom_divider_height=\u00a0\u00bb12vw\u00a0\u00bb bottom_divider_flip=\u00a0\u00bbvertical\u00a0\u00bb bottom_divider_height_tablet=\u00a0\u00bb\u00a0\u00bb bottom_divider_height_phone=\u00a0\u00bb59px\u00a0\u00bb bottom_divider_height_last_edited=\u00a0\u00bbon|phone\u00a0\u00bb global_colors_info=\u00a0\u00bb{}\u00a0\u00bb box_shadow_style__hover=\u00a0\u00bbnone\u00a0\u00bb box_shadow_style__hover_enabled=\u00a0\u00bbnone\u00a0\u00bb box_shadow_color__hover=\u00a0\u00bbrgba(0,0,0,0.3)\u00a0\u00bb box_shadow_color__hover_enabled=\u00a0\u00bbrgba(0,0,0,0.3)\u00a0\u00bb bottom_divider_height__hover_enabled=\u00a0\u00bbon|desktop\u00a0\u00bb bottom_divider_height__hover=\u00a0\u00bb12vw\u00a0\u00bb top_divider_height__hover_enabled=\u00a0\u00bbon|desktop\u00a0\u00bb top_divider_height__hover=\u00a0\u00bb500px\u00a0\u00bb][et_pb_row _builder_version=\u00a0\u00bb4.16&Prime; _module_preset=\u00a0\u00bbdefault\u00a0\u00bb custom_padding=\u00a0\u00bb3px|25px|35px|25px|false|true\u00a0\u00bb global_colors_info=\u00a0\u00bb{}\u00a0\u00bb][et_pb_column type=\u00a0\u00bb4_4&Prime; _builder_version=\u00a0\u00bb4.16&Prime; _module_preset=\u00a0\u00bbdefault\u00a0\u00bb global_colors_info=\u00a0\u00bb{}\u00a0\u00bb][et_pb_text _builder_version=\u00a0\u00bb4.16&Prime; _module_preset=\u00a0\u00bbfaccbd0a-99df-41b9-af32-ebad1e6b435e\u00a0\u00bb text_text_color=\u00a0\u00bb#FFFFFF\u00a0\u00bb header_text_color=\u00a0\u00bb#FFFFFF\u00a0\u00bb custom_margin=\u00a0\u00bb||2px||false|false\u00a0\u00bb global_colors_info=\u00a0\u00bb{}\u00a0\u00bb]<\/p>\n<h1>Conseil<\/h1>\n<p><span style=\"font-size: xx-large;\"><strong><\/strong><\/span><\/p>\n<p>[\/et_pb_text][et_pb_text _builder_version=\u00a0\u00bb4.16&Prime; _module_preset=\u00a0\u00bbdefault\u00a0\u00bb text_text_color=\u00a0\u00bb#FFFFFF\u00a0\u00bb header_text_color=\u00a0\u00bb#FFFFFF\u00a0\u00bb global_colors_info=\u00a0\u00bb{}\u00a0\u00bb]<\/p>\n<p><span style=\"font-size: medium;\">En tant qu&rsquo;entreprise familiale, nous recherchons des partenariats durables et de confiance avec nos clients et nos fournisseurs. Mieux nous nous conna\u00eetrons, mieux nous vous conseillerons et vous accompagnerons.<\/span><\/p>\n<ul><\/ul>\n<p>[\/et_pb_text][\/et_pb_column][\/et_pb_row][\/et_pb_section][et_pb_section fb_built=\u00a0\u00bb1&Prime; admin_label=\u00a0\u00bbAbout\u00a0\u00bb _builder_version=\u00a0\u00bb4.16&Prime; background_color=\u00a0\u00bb#fbfcfd\u00a0\u00bb custom_padding=\u00a0\u00bb0|0px|54px|0px|false|false\u00a0\u00bb global_colors_info=\u00a0\u00bb{}\u00a0\u00bb][et_pb_row _builder_version=\u00a0\u00bb4.16&Prime; _module_preset=\u00a0\u00bbdefault\u00a0\u00bb min_height=\u00a0\u00bb42.2px\u00a0\u00bb custom_padding=\u00a0\u00bb3px|||||\u00a0\u00bb global_colors_info=\u00a0\u00bb{}\u00a0\u00bb][et_pb_column type=\u00a0\u00bb4_4&Prime; _builder_version=\u00a0\u00bb4.16&Prime; _module_preset=\u00a0\u00bbdefault\u00a0\u00bb global_colors_info=\u00a0\u00bb{}\u00a0\u00bb][et_pb_text _builder_version=\u00a0\u00bb4.16&Prime; _module_preset=\u00a0\u00bbdefault\u00a0\u00bb header_text_color=\u00a0\u00bb#FFFFFF\u00a0\u00bb custom_margin=\u00a0\u00bb0px|0px|100px|0px|false|false\u00a0\u00bb global_colors_info=\u00a0\u00bb{}\u00a0\u00bb]<\/p>\n<h2>Profitez de notre expertise<\/h2>\n<ul>\n<li>Des conseils d\u00e9taill\u00e9s en mati\u00e8re de stents, \u00e0 votre cabinet ou volontiers directement lors de la pose du stent.<\/li>\n<li>Aide pour trouver les consommables parfaitement adapt\u00e9s \u00e0 l&rsquo;usage quotidien (pinces \u00e0 biopsie, Hemoclip, etc.)<\/li>\n<li>Ou dans le domaine des produits sp\u00e9ciaux (zone ERCP)<\/li>\n<li>Formation sur le mod\u00e8le. Gr\u00e2ce \u00e0 notre outil de formation m\u00e9dicale, nous pouvons simuler des interventions et des proc\u00e9dures r\u00e9alistes. L&rsquo;expertise de longue date de nos sp\u00e9cialistes des produits se retrouve dans ce 1:1.<\/li>\n<\/ul>\n<p>En tant qu&rsquo;interlocuteur fiable et flexible, nous vous soutenons dans toutes vos questions. Nos id\u00e9es et nos solutions individuelles devraient vous convaincre \u00e0 long terme que vous avez trouv\u00e9 le bon partenaire pour toutes vos questions d&rsquo;endoscopie.<\/p>\n<p>Nous pensons de mani\u00e8re entrepreneuriale et prenons du temps pour vous afin de pouvoir vous conseiller en pensant \u00e0 aujourd&rsquo;hui, demain et apr\u00e8s-demain.<\/p>\n<p>[\/et_pb_text][et_pb_text _builder_version=\u00a0\u00bb4.16&Prime; _module_preset=\u00a0\u00bbdefault\u00a0\u00bb global_colors_info=\u00a0\u00bb{}\u00a0\u00bb]<\/p>\n<h3>Avons-nous r\u00e9ussi \u00e0 susciter votre int\u00e9r\u00eat ? Contactez-nous.<\/h3>\n<h3>N&rsquo;avons-nous pas encore r\u00e9ussi \u00e0 \u00e9veiller votre int\u00e9r\u00eat ? Contactez-nous encore plus.<\/h3>\n<p>[\/et_pb_text][\/et_pb_column][\/et_pb_row][et_pb_row _builder_version=\u00a0\u00bb4.16&Prime; _module_preset=\u00a0\u00bbdefault\u00a0\u00bb custom_padding=\u00a0\u00bb0px|||||\u00a0\u00bb global_colors_info=\u00a0\u00bb{}\u00a0\u00bb][et_pb_column type=\u00a0\u00bb4_4&Prime; _builder_version=\u00a0\u00bb4.16&Prime; _module_preset=\u00a0\u00bbdefault\u00a0\u00bb global_colors_info=\u00a0\u00bb{}\u00a0\u00bb][et_pb_text _builder_version=\u00a0\u00bb4.24.2&Prime; _module_preset=\u00a0\u00bbdefault\u00a0\u00bb hover_enabled=\u00a0\u00bb0&Prime; global_colors_info=\u00a0\u00bb{}\u00a0\u00bb sticky_enabled=\u00a0\u00bb0&Prime;]<\/p>\n<div id=\"awsm-team-1833\" class=\"awsm-grid-wrapper\">\n\t\t\n\t\t\t<div class=\"awsm-grid cards-style style-3 grid-4-col \">\n\t\t\t\t\t\t<div id=\"awsm-member-1833-1840\" class=\"awsm-grid-card awsm-team-item awsm-scale-anm awsm-all awsm-43\">\n\t\t\t\t   <figure>\n\t\t\t\t\t\t\t\t\t\t <img loading=\"lazy\" decoding=\"async\" width=\"600\" height=\"600\" src=\"https:\/\/desomedical.ch\/wp-content\/uploads\/2021\/09\/desomedical-Joelle_Labourot.jpg\" class=\"attachment-awsm_team size-awsm_team wp-post-image\" alt=\"\" \/>\t\t\t\t\t\t\t\t\t\t\t\t\t\t\t\t <figcaption class=\"awsm-figcaption\">\n\t\t\t\t\t\t\t<div class=\"awsm-personal-info\"><h3>Jo\u00eblle Labourot<\/h3><span>Vente et Conseil R\u00e9gion Ouest (Fran\u00e7ais)<\/span><\/div>\n\t\t\t\t\t\t\t<div class=\"awsm-contact-info\">\n\t\t\t\t\t\t\t\t<p><br><br>+41 79 722 17 71 <br><br>\r\n<a href=\"mailto:joelle.labourot@klasa.ch\" style=\"color: #008b6f\">joelle.labourot@klasa.ch<\/a><\/p>\t\t\t\t\t\t\t<\/div>\n\t\t\t\t\t\t\t\t\t\t\t\t\t <\/figcaption>\n\t\t\t\t   <\/figure>\n\t\t\t\t<\/div>\n\t\t\t\t\t\t\t<div id=\"awsm-member-1833-1837\" class=\"awsm-grid-card awsm-team-item awsm-scale-anm awsm-all awsm-43\">\n\t\t\t\t   <figure>\n\t\t\t\t\t\t\t\t\t\t <img loading=\"lazy\" decoding=\"async\" width=\"600\" height=\"600\" src=\"https:\/\/desomedical.ch\/wp-content\/uploads\/2021\/09\/desomedical-Tobias_Richter.jpg\" class=\"attachment-awsm_team size-awsm_team wp-post-image\" alt=\"\" \/>\t\t\t\t\t\t\t\t\t\t\t\t\t\t\t\t <figcaption class=\"awsm-figcaption\">\n\t\t\t\t\t\t\t<div class=\"awsm-personal-info\"><h3>Tobias Richter<\/h3><span>Vente et Conseils R\u00e9gion Est (Allemand)<\/span><\/div>\n\t\t\t\t\t\t\t<div class=\"awsm-contact-info\">\n\t\t\t\t\t\t\t\t<p><br><br>+41 79 239 75 14 <br><br>\r\n<a href=\"mailto:tobias.richter@klasa.ch\" style=\"color: #008b6f\">tobias.richter@klasa.ch<\/a><\/p>\t\t\t\t\t\t\t<\/div>\n\t\t\t\t\t\t\t\t\t\t\t\t\t <\/figcaption>\n\t\t\t\t   <\/figure>\n\t\t\t\t<\/div>\n\t\t\t\t\t\t\t<div id=\"awsm-member-1833-1843\" class=\"awsm-grid-card awsm-team-item awsm-scale-anm awsm-all awsm-43\">\n\t\t\t\t   <figure>\n\t\t\t\t\t\t\t\t\t\t <img loading=\"lazy\" decoding=\"async\" width=\"600\" height=\"600\" src=\"https:\/\/desomedical.ch\/wp-content\/uploads\/2022\/02\/desomedical-andrea-hurni.jpg\" class=\"attachment-awsm_team size-awsm_team wp-post-image\" alt=\"\" \/>\t\t\t\t\t\t\t\t\t\t\t\t\t\t\t\t <figcaption class=\"awsm-figcaption\">\n\t\t\t\t\t\t\t<div class=\"awsm-personal-info\"><h3>Andrea Hurni<\/h3><span>Ventes et Conseils R\u00e9gion Centre (Allemand)<\/span><\/div>\n\t\t\t\t\t\t\t<div class=\"awsm-contact-info\">\n\t\t\t\t\t\t\t\t<p><br><br>+41 79 196 47 79 <br><br>\r\n<a href=\"mailto:andrea.hurni@klasa.ch\" style=\"color: #008b6f\">andrea.hurni@klasa.ch<\/a><\/p>\t\t\t\t\t\t\t<\/div>\n\t\t\t\t\t\t\t\t\t\t\t\t\t <\/figcaption>\n\t\t\t\t   <\/figure>\n\t\t\t\t<\/div>\n\t\t\t\t\t<\/div>\n\t<\/div>\n\n<p>[\/et_pb_text][\/et_pb_column][\/et_pb_row][\/et_pb_section]<\/p>\n","protected":false},"excerpt":{"rendered":"<p>[et_pb_section fb_built=\u00a0\u00bb1&Prime; custom_padding_last_edited=\u00a0\u00bbon|desktop\u00a0\u00bb next_background_color=\u00a0\u00bb#fbfcfd\u00a0\u00bb admin_label=\u00a0\u00bbHeader\u00a0\u00bb _builder_version=\u00a0\u00bb4.16&Prime; use_background_color_gradient=\u00a0\u00bbon\u00a0\u00bb background_color_gradient_direction=\u00a0\u00bb102deg\u00a0\u00bb background_color_gradient_stops=\u00a0\u00bb#008b6f 36%|#008b6f 50%\u00a0\u00bb background_color_gradient_start=\u00a0\u00bb#008b6f\u00a0\u00bb background_color_gradient_start_position=\u00a0\u00bb36%\u00a0\u00bb background_color_gradient_end=\u00a0\u00bb#008b6f\u00a0\u00bb background_color_gradient_end_position=\u00a0\u00bb50%\u00a0\u00bb background_enable_image=\u00a0\u00bboff\u00a0\u00bb background_size=\u00a0\u00bbcontain\u00a0\u00bb background_position=\u00a0\u00bbbottom_right\u00a0\u00bb custom_padding=\u00a0\u00bb5vw||15vw||false|false\u00a0\u00bb custom_padding_tablet=\u00a0\u00bb\u00a0\u00bb custom_padding_phone=\u00a0\u00bb40px||40px||true|false\u00a0\u00bb top_divider_color=\u00a0\u00bb#008b6f\u00a0\u00bb top_divider_height=\u00a0\u00bb500px\u00a0\u00bb top_divider_repeat=\u00a0\u00bb1x\u00a0\u00bb bottom_divider_style=\u00a0\u00bbramp\u00a0\u00bb bottom_divider_height=\u00a0\u00bb12vw\u00a0\u00bb bottom_divider_flip=\u00a0\u00bbvertical\u00a0\u00bb bottom_divider_height_tablet=\u00a0\u00bb\u00a0\u00bb bottom_divider_height_phone=\u00a0\u00bb59px\u00a0\u00bb bottom_divider_height_last_edited=\u00a0\u00bbon|phone\u00a0\u00bb global_colors_info=\u00a0\u00bb{}\u00a0\u00bb box_shadow_style__hover=\u00a0\u00bbnone\u00a0\u00bb box_shadow_style__hover_enabled=\u00a0\u00bbnone\u00a0\u00bb box_shadow_color__hover=\u00a0\u00bbrgba(0,0,0,0.3)\u00a0\u00bb box_shadow_color__hover_enabled=\u00a0\u00bbrgba(0,0,0,0.3)\u00a0\u00bb bottom_divider_height__hover_enabled=\u00a0\u00bbon|desktop\u00a0\u00bb bottom_divider_height__hover=\u00a0\u00bb12vw\u00a0\u00bb top_divider_height__hover_enabled=\u00a0\u00bbon|desktop\u00a0\u00bb top_divider_height__hover=\u00a0\u00bb500px\u00a0\u00bb][et_pb_row _builder_version=\u00a0\u00bb4.16&Prime; _module_preset=\u00a0\u00bbdefault\u00a0\u00bb custom_padding=\u00a0\u00bb3px|25px|35px|25px|false|true\u00a0\u00bb global_colors_info=\u00a0\u00bb{}\u00a0\u00bb][et_pb_column type=\u00a0\u00bb4_4&Prime; _builder_version=\u00a0\u00bb4.16&Prime;&#8230;<\/p>\n","protected":false},"author":1,"featured_media":0,"parent":0,"menu_order":0,"comment_status":"closed","ping_status":"closed","template":"full_width.php","meta":{"_et_pb_use_builder":"on","_et_pb_old_content":"","_et_gb_content_width":"","footnotes":""},"class_list":["post-1008","page","type-page","status-publish","hentry"],"_links":{"self":[{"href":"https:\/\/desomedical.ch\/fr\/wp-json\/wp\/v2\/pages\/1008","targetHints":{"allow":["GET"]}}],"collection":[{"href":"https:\/\/desomedical.ch\/fr\/wp-json\/wp\/v2\/pages"}],"about":[{"href":"https:\/\/desomedical.ch\/fr\/wp-json\/wp\/v2\/types\/page"}],"author":[{"embeddable":true,"href":"https:\/\/desomedical.ch\/fr\/wp-json\/wp\/v2\/users\/1"}],"replies":[{"embeddable":true,"href":"https:\/\/desomedical.ch\/fr\/wp-json\/wp\/v2\/comments?post=1008"}],"version-history":[{"count":6,"href":"https:\/\/desomedical.ch\/fr\/wp-json\/wp\/v2\/pages\/1008\/revisions"}],"predecessor-version":[{"id":1853,"href":"https:\/\/desomedical.ch\/fr\/wp-json\/wp\/v2\/pages\/1008\/revisions\/1853"}],"wp:attachment":[{"href":"https:\/\/desomedical.ch\/fr\/wp-json\/wp\/v2\/media?parent=1008"}],"curies":[{"name":"wp","href":"https:\/\/api.w.org\/{rel}","templated":true}]}}