{"id":1017,"date":"2021-08-24T14:19:52","date_gmt":"2021-08-24T14:19:52","guid":{"rendered":"https:\/\/desomedical.ch\/hanarostents\/"},"modified":"2024-03-19T15:36:01","modified_gmt":"2024-03-19T15:36:01","slug":"hanarostents","status":"publish","type":"page","link":"https:\/\/desomedical.ch\/fr\/hanarostents\/","title":{"rendered":"Hanarostents"},"content":{"rendered":"<p>[et_pb_section fb_built=\u00a0\u00bb1&Prime; custom_padding_last_edited=\u00a0\u00bbon|desktop\u00a0\u00bb next_background_color=\u00a0\u00bb#ffffff\u00a0\u00bb admin_label=\u00a0\u00bbHeader\u00a0\u00bb _builder_version=\u00a0\u00bb4.16&Prime; use_background_color_gradient=\u00a0\u00bbon\u00a0\u00bb background_color_gradient_direction=\u00a0\u00bb102deg\u00a0\u00bb background_color_gradient_stops=\u00a0\u00bb#008b6f 36%|#008b6f 50%\u00a0\u00bb background_color_gradient_start=\u00a0\u00bb#008b6f\u00a0\u00bb background_color_gradient_start_position=\u00a0\u00bb36%\u00a0\u00bb background_color_gradient_end=\u00a0\u00bb#008b6f\u00a0\u00bb background_color_gradient_end_position=\u00a0\u00bb50%\u00a0\u00bb background_enable_image=\u00a0\u00bboff\u00a0\u00bb background_size=\u00a0\u00bbcontain\u00a0\u00bb background_position=\u00a0\u00bbbottom_right\u00a0\u00bb min_height=\u00a0\u00bb726.2px\u00a0\u00bb custom_padding=\u00a0\u00bb5vw||0vw||false|false\u00a0\u00bb custom_padding_tablet=\u00a0\u00bb\u00a0\u00bb custom_padding_phone=\u00a0\u00bb40px||40px||true|false\u00a0\u00bb top_divider_color=\u00a0\u00bb#008b6f\u00a0\u00bb top_divider_height=\u00a0\u00bb500px\u00a0\u00bb top_divider_repeat=\u00a0\u00bb1x\u00a0\u00bb top_divider_height_tablet=\u00a0\u00bb\u00a0\u00bb top_divider_height_phone=\u00a0\u00bb\u00a0\u00bb top_divider_height_last_edited=\u00a0\u00bbon|phone\u00a0\u00bb bottom_divider_style=\u00a0\u00bbramp\u00a0\u00bb bottom_divider_height=\u00a0\u00bb12vw\u00a0\u00bb bottom_divider_flip=\u00a0\u00bbvertical\u00a0\u00bb bottom_divider_height_tablet=\u00a0\u00bb\u00a0\u00bb bottom_divider_height_phone=\u00a0\u00bb89px\u00a0\u00bb bottom_divider_height_last_edited=\u00a0\u00bbon|desktop\u00a0\u00bb global_colors_info=\u00a0\u00bb{}\u00a0\u00bb box_shadow_style__hover=\u00a0\u00bbnone\u00a0\u00bb box_shadow_style__hover_enabled=\u00a0\u00bbnone\u00a0\u00bb box_shadow_color__hover=\u00a0\u00bbrgba(0,0,0,0.3)\u00a0\u00bb box_shadow_color__hover_enabled=\u00a0\u00bbrgba(0,0,0,0.3)\u00a0\u00bb bottom_divider_height__hover_enabled=\u00a0\u00bbon|hover\u00a0\u00bb bottom_divider_height__hover=\u00a0\u00bb12vw\u00a0\u00bb top_divider_height__hover_enabled=\u00a0\u00bbon|desktop\u00a0\u00bb top_divider_height__hover=\u00a0\u00bb500px\u00a0\u00bb][et_pb_row custom_padding_last_edited=\u00a0\u00bbon|phone\u00a0\u00bb _builder_version=\u00a0\u00bb4.16&Prime; _module_preset=\u00a0\u00bbdefault\u00a0\u00bb custom_padding=\u00a0\u00bb3px||0px|||\u00a0\u00bb custom_padding_tablet=\u00a0\u00bb\u00a0\u00bb custom_padding_phone=\u00a0\u00bb|25px||25px|false|true\u00a0\u00bb global_colors_info=\u00a0\u00bb{}\u00a0\u00bb custom_padding__hover_enabled=\u00a0\u00bbon|desktop\u00a0\u00bb custom_padding__hover=\u00a0\u00bb3px||0px|||\u00a0\u00bb][et_pb_column type=\u00a0\u00bb4_4&Prime; _builder_version=\u00a0\u00bb4.16&Prime; _module_preset=\u00a0\u00bbdefault\u00a0\u00bb global_colors_info=\u00a0\u00bb{}\u00a0\u00bb][et_pb_text _builder_version=\u00a0\u00bb4.16&Prime; _module_preset=\u00a0\u00bbfaccbd0a-99df-41b9-af32-ebad1e6b435e\u00a0\u00bb text_text_color=\u00a0\u00bb#FFFFFF\u00a0\u00bb header_text_color=\u00a0\u00bb#FFFFFF\u00a0\u00bb custom_margin=\u00a0\u00bb||0px||false|false\u00a0\u00bb global_colors_info=\u00a0\u00bb{}\u00a0\u00bb]<\/p>\n<h1>HANAROSTENTS<\/h1>\n<p>[\/et_pb_text][et_pb_text _builder_version=\u00a0\u00bb4.16&Prime; _module_preset=\u00a0\u00bbdefault\u00a0\u00bb text_text_color=\u00a0\u00bb#FFFFFF\u00a0\u00bb header_text_color=\u00a0\u00bb#FFFFFF\u00a0\u00bb global_colors_info=\u00a0\u00bb{}\u00a0\u00bb]<\/p>\n<p><strong>Nous vivons et respirons pour les stents :<\/strong><\/p>\n<p>Nous assistons r\u00e9guli\u00e8rement \u00e0 des interventions et apprenons ainsi directement en premi\u00e8re ligne ce que notre stent signifie pour vous et votre patient. Pour \u00eatre s\u00fbrs de toujours pouvoir vous proposer le stent id\u00e9al, nous maintenons une gamme \u00e9tendue et des niveaux de stock \u00e9lev\u00e9s.<\/p>\n<p>&nbsp;<\/p>\n<p>[\/et_pb_text][\/et_pb_column][\/et_pb_row][et_pb_row custom_padding_last_edited=\u00a0\u00bbon|phone\u00a0\u00bb _builder_version=\u00a0\u00bb4.16&Prime; _module_preset=\u00a0\u00bbdefault\u00a0\u00bb custom_padding_tablet=\u00a0\u00bb\u00a0\u00bb custom_padding_phone=\u00a0\u00bb|25px||25px|false|true\u00a0\u00bb global_colors_info=\u00a0\u00bb{}\u00a0\u00bb][et_pb_column type=\u00a0\u00bb4_4&Prime; _builder_version=\u00a0\u00bb4.16&Prime; _module_preset=\u00a0\u00bbdefault\u00a0\u00bb global_colors_info=\u00a0\u00bb{}\u00a0\u00bb][et_pb_video src=\u00a0\u00bbhttps:\/\/www.youtube.com\/watch?v=C62lBG3C4h4&Prime; _builder_version=\u00a0\u00bb4.16&Prime; _module_preset=\u00a0\u00bbdefault\u00a0\u00bb global_colors_info=\u00a0\u00bb{}\u00a0\u00bb][\/et_pb_video][\/et_pb_column][\/et_pb_row][\/et_pb_section][et_pb_section fb_built=\u00a0\u00bb1&Prime; _builder_version=\u00a0\u00bb4.16&Prime; _module_preset=\u00a0\u00bbdefault\u00a0\u00bb background_image=\u00a0\u00bbhttps:\/\/desomedical.ch\/wp-content\/uploads\/2021\/09\/hanarostent2.jpg\u00a0\u00bb background_size=\u00a0\u00bbcontain\u00a0\u00bb background_position=\u00a0\u00bbbottom_left\u00a0\u00bb min_height=\u00a0\u00bb2093.6px\u00a0\u00bb custom_margin_tablet=\u00a0\u00bb\u00a0\u00bb custom_margin_phone=\u00a0\u00bb\u00a0\u00bb custom_margin_last_edited=\u00a0\u00bbon|phone\u00a0\u00bb custom_padding=\u00a0\u00bb||0px|||\u00a0\u00bb global_colors_info=\u00a0\u00bb{}\u00a0\u00bb][et_pb_row _builder_version=\u00a0\u00bb4.16&Prime; _module_preset=\u00a0\u00bbdefault\u00a0\u00bb global_colors_info=\u00a0\u00bb{}\u00a0\u00bb][et_pb_column type=\u00a0\u00bb4_4&Prime; _builder_version=\u00a0\u00bb4.16&Prime; _module_preset=\u00a0\u00bbdefault\u00a0\u00bb global_colors_info=\u00a0\u00bb{}\u00a0\u00bb][et_pb_text _builder_version=\u00a0\u00bb4.16&Prime; _module_preset=\u00a0\u00bbdefault\u00a0\u00bb custom_padding_tablet=\u00a0\u00bb\u00a0\u00bb custom_padding_phone=\u00a0\u00bb|25px||25px|false|true\u00a0\u00bb custom_padding_last_edited=\u00a0\u00bbon|phone\u00a0\u00bb global_colors_info=\u00a0\u00bb{}\u00a0\u00bb]<\/p>\n<h2>Stents en gastro-ent\u00e9rologie<\/h2>\n<p>Vous avez besoin d&rsquo;un stent dans l&rsquo;apr\u00e8s-midi et ne r\u00e9alisez que quelques heures auparavant que vous n&rsquo;en avez pas de convenable ? Nous ferons tout notre possible pour traiter votre commande le plus rapidement possible et, si n\u00e9cessaire, vous apporter le stent le jour m\u00eame.<\/p>\n<p><strong>DesoMedical est le fournisseur exclusif des produits HANAROSTENT\u00ae de M.I.-Tech en Suisse.<\/strong><\/p>\n<p>La soci\u00e9t\u00e9 cor\u00e9enne M.I.-Tech a \u00e9t\u00e9 fond\u00e9e en 1991 par des sp\u00e9cialistes exp\u00e9riment\u00e9s des endoproth\u00e8ses et a depuis d\u00e9velopp\u00e9 des produits de haute technologie extr\u00eamement robustes et polyvalents \u00e0 des prix attractifs.<\/p>\n<p>[\/et_pb_text][et_pb_text _builder_version=\u00a0\u00bb4.16&Prime; _module_preset=\u00a0\u00bbdefault\u00a0\u00bb custom_margin_tablet=\u00a0\u00bb\u00a0\u00bb custom_margin_phone=\u00a0\u00bb\u00a0\u00bb custom_margin_last_edited=\u00a0\u00bbon|phone\u00a0\u00bb custom_padding_tablet=\u00a0\u00bb\u00a0\u00bb custom_padding_phone=\u00a0\u00bb|0px||0px|false|true\u00a0\u00bb custom_padding_last_edited=\u00a0\u00bbon|phone\u00a0\u00bb global_colors_info=\u00a0\u00bb{}\u00a0\u00bb]<\/p>\n<h3>Aper\u00e7u de nos produits de stent (\u00e9galement disponible en t\u00e9l\u00e9chargement) :<\/h3>\n<ul>\n<li>\n<p class=\"p1\"><span style=\"font-size: medium;\">Stents \u0153sophagiens<\/span><\/p>\n<ul>\n<li>\n<p class=\"p1\"><span style=\"font-size: medium;\">\u0152sophage sup\u00e9rieur (couvert, tulipe proximale courte)<\/span><\/p>\n<\/li>\n<li><span style=\"font-size: medium;\">\u0152sophage moyen (partiellement couvert, risque de migration plus faible)<\/span><\/li>\n<li><span style=\"font-size: medium;\">\u0152sophage moyen (couvert)<\/span><\/li>\n<li><span style=\"font-size: medium;\">\u0152sophage inf\u00e9rieur (partiellement couvert, valve anti-reflux)<\/span><\/li>\n<li>\n<p class=\"p1\"><span style=\"font-size: medium;\">St\u00e9noses b\u00e9nignes (couvert \u00e0 l&rsquo;int\u00e9rieur et \u00e0 l&rsquo;ext\u00e9rieur)<\/span><\/p>\n<\/li>\n<li><span style=\"font-size: medium;\">Skidproof (couvert, anneaux anti-migration)<\/span><\/li>\n<\/ul>\n<\/li>\n<li><span style=\"font-size: medium;\">Stents duod\u00e9naux et pylore<\/span>\n<ul>\n<li><span style=\"font-size: medium;\">St\u00e9noses duod\u00e9nales\/ pylorique (non-couvert)<\/span><\/li>\n<li><span style=\"font-size: medium;\">St\u00e9noses duod\u00e9nales \/ pylorique (partiellement couvert, TwynLay)<\/span><\/li>\n<li><span style=\"font-size: medium;\">St\u00e9noses duod\u00e9nales \/ pylorique (Kim`s flare, partiellement couvert, asym\u00e9trique)<\/span><\/li>\n<\/ul>\n<\/li>\n<\/ul>\n<ul>\n<li>Stents biliaires\n<ul>\n<li>St\u00e9noses h\u00e9patiques (non-couvert, \u00e0 grandes mailles)<\/li>\n<li>St\u00e9noses biliaires (couvert, flaps proximaux)<\/li>\n<li>St\u00e9noses biliaires (couvert, flaps proximaux et distaux)<\/li>\n<li>St\u00e9noses biliaires (syst\u00e8me guide court, couvert, flaps proximaux et distaux)<\/li>\n<li>Pseudokystes (couvert)<\/li>\n<li>St\u00e9noses biliaires (partiellement couvert, H\u00e9paticogastrostomie guid\u00e9e par EUS, flaps distaux)<\/li>\n<\/ul>\n<\/li>\n<li>Stents colorectaux\n<ul>\n<li>St\u00e9noses colorectales (non-couvert, double maillage, force axiale importante)<\/li>\n<li>St\u00e9noses colorectales (partiellement couvert, TwynLay)<\/li>\n<li>St\u00e9noses colorectales (couvert, tulipe distale courte)<\/li>\n<\/ul>\n<\/li>\n<\/ul>\n<p>[\/et_pb_text][et_pb_text _builder_version=\u00a0\u00bb4.16&Prime; _module_preset=\u00a0\u00bbdefault\u00a0\u00bb custom_margin_tablet=\u00a0\u00bb\u00a0\u00bb custom_margin_phone=\u00a0\u00bb||||false|false\u00a0\u00bb custom_margin_last_edited=\u00a0\u00bbon|desktop\u00a0\u00bb custom_padding=\u00a0\u00bb0px|25px|20px|25px|false|false\u00a0\u00bb global_colors_info=\u00a0\u00bb{}\u00a0\u00bb][\/et_pb_text][et_pb_button button_url=\u00a0\u00bbhttps:\/\/desomedical.ch\/wp-content\/uploads\/2024\/02\/DesoMedical-Stentuebersicht-FR-A4-2024.pdf\u00a0\u00bb url_new_window=\u00a0\u00bbon\u00a0\u00bb button_text=\u00a0\u00bbPDF Download\u00a0\u00bb _builder_version=\u00a0\u00bb4.23.1&Prime; _module_preset=\u00a0\u00bbb84c2a05-e626-4980-9147-f3601282e237&Prime; button_icon=\u00a0\u00bb&#xe05f;||divi||400&Prime; custom_padding=\u00a0\u00bb10px|15px|10px||true|false\u00a0\u00bb custom_padding_tablet=\u00a0\u00bb\u00a0\u00bb custom_padding_phone=\u00a0\u00bb|15px||25px|true|false\u00a0\u00bb custom_padding_last_edited=\u00a0\u00bbon|phone\u00a0\u00bb button_text_size_tablet=\u00a0\u00bb\u00a0\u00bb button_text_size_phone=\u00a0\u00bb\u00a0\u00bb button_text_size_last_edited=\u00a0\u00bbon|phone\u00a0\u00bb global_colors_info=\u00a0\u00bb{}\u00a0\u00bb][\/et_pb_button][\/et_pb_column][\/et_pb_row][\/et_pb_section][et_pb_section fb_built=\u00a0\u00bb1&Prime; _builder_version=\u00a0\u00bb4.16&Prime; _module_preset=\u00a0\u00bbdefault\u00a0\u00bb background_color=\u00a0\u00bb#fbfcfd\u00a0\u00bb global_colors_info=\u00a0\u00bb{}\u00a0\u00bb][et_pb_row _builder_version=\u00a0\u00bb4.16&Prime; _module_preset=\u00a0\u00bbdefault\u00a0\u00bb global_colors_info=\u00a0\u00bb{}\u00a0\u00bb][et_pb_column type=\u00a0\u00bb4_4&Prime; _builder_version=\u00a0\u00bb4.16&Prime; _module_preset=\u00a0\u00bbdefault\u00a0\u00bb global_colors_info=\u00a0\u00bb{}\u00a0\u00bb][et_pb_text _builder_version=\u00a0\u00bb4.16&Prime; _module_preset=\u00a0\u00bbdefault\u00a0\u00bb global_colors_info=\u00a0\u00bb{}\u00a0\u00bb]<\/p>\n<h3>Vous voulez en savoir plus ? Nous sommes toujours \u00e0 votre disposition avec toute notre expertise.<\/h3>\n<p>[\/et_pb_text][et_pb_text _builder_version=\u00a0\u00bb4.24.2&Prime; _module_preset=\u00a0\u00bbdefault\u00a0\u00bb hover_enabled=\u00a0\u00bb0&Prime; global_colors_info=\u00a0\u00bb{}\u00a0\u00bb sticky_enabled=\u00a0\u00bb0&Prime;]<\/p>\n<div id=\"awsm-team-1833\" class=\"awsm-grid-wrapper\">\n\t\t\n\t\t\t<div class=\"awsm-grid cards-style style-3 grid-4-col \">\n\t\t\t\t\t\t<div id=\"awsm-member-1833-1840\" class=\"awsm-grid-card awsm-team-item awsm-scale-anm awsm-all awsm-43\">\n\t\t\t\t   <figure>\n\t\t\t\t\t\t\t\t\t\t <img loading=\"lazy\" decoding=\"async\" width=\"600\" height=\"600\" src=\"https:\/\/desomedical.ch\/wp-content\/uploads\/2021\/09\/desomedical-Joelle_Labourot.jpg\" class=\"attachment-awsm_team size-awsm_team wp-post-image\" alt=\"\" \/>\t\t\t\t\t\t\t\t\t\t\t\t\t\t\t\t <figcaption class=\"awsm-figcaption\">\n\t\t\t\t\t\t\t<div class=\"awsm-personal-info\"><h3>Jo\u00eblle Labourot<\/h3><span>Vente et Conseil R\u00e9gion Ouest (Fran\u00e7ais)<\/span><\/div>\n\t\t\t\t\t\t\t<div class=\"awsm-contact-info\">\n\t\t\t\t\t\t\t\t<p><br><br>+41 79 722 17 71 <br><br>\r\n<a href=\"mailto:joelle.labourot@klasa.ch\" style=\"color: #008b6f\">joelle.labourot@klasa.ch<\/a><\/p>\t\t\t\t\t\t\t<\/div>\n\t\t\t\t\t\t\t\t\t\t\t\t\t <\/figcaption>\n\t\t\t\t   <\/figure>\n\t\t\t\t<\/div>\n\t\t\t\t\t\t\t<div id=\"awsm-member-1833-1837\" class=\"awsm-grid-card awsm-team-item awsm-scale-anm awsm-all awsm-43\">\n\t\t\t\t   <figure>\n\t\t\t\t\t\t\t\t\t\t <img loading=\"lazy\" decoding=\"async\" width=\"600\" height=\"600\" src=\"https:\/\/desomedical.ch\/wp-content\/uploads\/2021\/09\/desomedical-Tobias_Richter.jpg\" class=\"attachment-awsm_team size-awsm_team wp-post-image\" alt=\"\" \/>\t\t\t\t\t\t\t\t\t\t\t\t\t\t\t\t <figcaption class=\"awsm-figcaption\">\n\t\t\t\t\t\t\t<div class=\"awsm-personal-info\"><h3>Tobias Richter<\/h3><span>Vente et Conseils R\u00e9gion Est (Allemand)<\/span><\/div>\n\t\t\t\t\t\t\t<div class=\"awsm-contact-info\">\n\t\t\t\t\t\t\t\t<p><br><br>+41 79 239 75 14 <br><br>\r\n<a href=\"mailto:tobias.richter@klasa.ch\" style=\"color: #008b6f\">tobias.richter@klasa.ch<\/a><\/p>\t\t\t\t\t\t\t<\/div>\n\t\t\t\t\t\t\t\t\t\t\t\t\t <\/figcaption>\n\t\t\t\t   <\/figure>\n\t\t\t\t<\/div>\n\t\t\t\t\t\t\t<div id=\"awsm-member-1833-1843\" class=\"awsm-grid-card awsm-team-item awsm-scale-anm awsm-all awsm-43\">\n\t\t\t\t   <figure>\n\t\t\t\t\t\t\t\t\t\t <img loading=\"lazy\" decoding=\"async\" width=\"600\" height=\"600\" src=\"https:\/\/desomedical.ch\/wp-content\/uploads\/2022\/02\/desomedical-andrea-hurni.jpg\" class=\"attachment-awsm_team size-awsm_team wp-post-image\" alt=\"\" \/>\t\t\t\t\t\t\t\t\t\t\t\t\t\t\t\t <figcaption class=\"awsm-figcaption\">\n\t\t\t\t\t\t\t<div class=\"awsm-personal-info\"><h3>Andrea Hurni<\/h3><span>Ventes et Conseils R\u00e9gion Centre (Allemand)<\/span><\/div>\n\t\t\t\t\t\t\t<div class=\"awsm-contact-info\">\n\t\t\t\t\t\t\t\t<p><br><br>+41 79 196 47 79 <br><br>\r\n<a href=\"mailto:andrea.hurni@klasa.ch\" style=\"color: #008b6f\">andrea.hurni@klasa.ch<\/a><\/p>\t\t\t\t\t\t\t<\/div>\n\t\t\t\t\t\t\t\t\t\t\t\t\t <\/figcaption>\n\t\t\t\t   <\/figure>\n\t\t\t\t<\/div>\n\t\t\t\t\t<\/div>\n\t<\/div>\n\n<p>[\/et_pb_text][\/et_pb_column][\/et_pb_row][\/et_pb_section]<\/p>\n","protected":false},"excerpt":{"rendered":"<p>[et_pb_section fb_built=\u00a0\u00bb1&Prime; custom_padding_last_edited=\u00a0\u00bbon|desktop\u00a0\u00bb next_background_color=\u00a0\u00bb#ffffff\u00a0\u00bb admin_label=\u00a0\u00bbHeader\u00a0\u00bb _builder_version=\u00a0\u00bb4.16&Prime; use_background_color_gradient=\u00a0\u00bbon\u00a0\u00bb background_color_gradient_direction=\u00a0\u00bb102deg\u00a0\u00bb background_color_gradient_stops=\u00a0\u00bb#008b6f 36%|#008b6f 50%\u00a0\u00bb background_color_gradient_start=\u00a0\u00bb#008b6f\u00a0\u00bb background_color_gradient_start_position=\u00a0\u00bb36%\u00a0\u00bb background_color_gradient_end=\u00a0\u00bb#008b6f\u00a0\u00bb background_color_gradient_end_position=\u00a0\u00bb50%\u00a0\u00bb background_enable_image=\u00a0\u00bboff\u00a0\u00bb background_size=\u00a0\u00bbcontain\u00a0\u00bb background_position=\u00a0\u00bbbottom_right\u00a0\u00bb min_height=\u00a0\u00bb726.2px\u00a0\u00bb custom_padding=\u00a0\u00bb5vw||0vw||false|false\u00a0\u00bb custom_padding_tablet=\u00a0\u00bb\u00a0\u00bb custom_padding_phone=\u00a0\u00bb40px||40px||true|false\u00a0\u00bb top_divider_color=\u00a0\u00bb#008b6f\u00a0\u00bb top_divider_height=\u00a0\u00bb500px\u00a0\u00bb top_divider_repeat=\u00a0\u00bb1x\u00a0\u00bb top_divider_height_tablet=\u00a0\u00bb\u00a0\u00bb top_divider_height_phone=\u00a0\u00bb\u00a0\u00bb top_divider_height_last_edited=\u00a0\u00bbon|phone\u00a0\u00bb bottom_divider_style=\u00a0\u00bbramp\u00a0\u00bb bottom_divider_height=\u00a0\u00bb12vw\u00a0\u00bb bottom_divider_flip=\u00a0\u00bbvertical\u00a0\u00bb bottom_divider_height_tablet=\u00a0\u00bb\u00a0\u00bb bottom_divider_height_phone=\u00a0\u00bb89px\u00a0\u00bb bottom_divider_height_last_edited=\u00a0\u00bbon|desktop\u00a0\u00bb global_colors_info=\u00a0\u00bb{}\u00a0\u00bb box_shadow_style__hover=\u00a0\u00bbnone\u00a0\u00bb box_shadow_style__hover_enabled=\u00a0\u00bbnone\u00a0\u00bb box_shadow_color__hover=\u00a0\u00bbrgba(0,0,0,0.3)\u00a0\u00bb box_shadow_color__hover_enabled=\u00a0\u00bbrgba(0,0,0,0.3)\u00a0\u00bb bottom_divider_height__hover_enabled=\u00a0\u00bbon|hover\u00a0\u00bb bottom_divider_height__hover=\u00a0\u00bb12vw\u00a0\u00bb top_divider_height__hover_enabled=\u00a0\u00bbon|desktop\u00a0\u00bb top_divider_height__hover=\u00a0\u00bb500px\u00a0\u00bb][et_pb_row custom_padding_last_edited=\u00a0\u00bbon|phone\u00a0\u00bb _builder_version=\u00a0\u00bb4.16&Prime;&#8230;<\/p>\n","protected":false},"author":1,"featured_media":0,"parent":0,"menu_order":0,"comment_status":"closed","ping_status":"closed","template":"full_width.php","meta":{"_et_pb_use_builder":"on","_et_pb_old_content":"","_et_gb_content_width":"","footnotes":""},"class_list":["post-1017","page","type-page","status-publish","hentry"],"_links":{"self":[{"href":"https:\/\/desomedical.ch\/fr\/wp-json\/wp\/v2\/pages\/1017","targetHints":{"allow":["GET"]}}],"collection":[{"href":"https:\/\/desomedical.ch\/fr\/wp-json\/wp\/v2\/pages"}],"about":[{"href":"https:\/\/desomedical.ch\/fr\/wp-json\/wp\/v2\/types\/page"}],"author":[{"embeddable":true,"href":"https:\/\/desomedical.ch\/fr\/wp-json\/wp\/v2\/users\/1"}],"replies":[{"embeddable":true,"href":"https:\/\/desomedical.ch\/fr\/wp-json\/wp\/v2\/comments?post=1017"}],"version-history":[{"count":11,"href":"https:\/\/desomedical.ch\/fr\/wp-json\/wp\/v2\/pages\/1017\/revisions"}],"predecessor-version":[{"id":1845,"href":"https:\/\/desomedical.ch\/fr\/wp-json\/wp\/v2\/pages\/1017\/revisions\/1845"}],"wp:attachment":[{"href":"https:\/\/desomedical.ch\/fr\/wp-json\/wp\/v2\/media?parent=1017"}],"curies":[{"name":"wp","href":"https:\/\/api.w.org\/{rel}","templated":true}]}}