{"id":1018,"date":"2021-08-24T13:25:07","date_gmt":"2021-08-24T13:25:07","guid":{"rendered":"https:\/\/desomedical.ch\/unsere-marken\/"},"modified":"2021-09-17T13:49:26","modified_gmt":"2021-09-17T13:49:26","slug":"nos-marques","status":"publish","type":"page","link":"https:\/\/desomedical.ch\/fr\/nos-marques\/","title":{"rendered":"Nos marques"},"content":{"rendered":"\n[et_pb_section fb_built=\u00a0\u00bb1&Prime; custom_padding_last_edited=\u00a0\u00bbon|desktop\u00a0\u00bb next_background_color=\u00a0\u00bb#ffffff\u00a0\u00bb admin_label=\u00a0\u00bbHeader\u00a0\u00bb _builder_version=\u00a0\u00bb4.9.10&Prime; use_background_color_gradient=\u00a0\u00bbon\u00a0\u00bb background_color_gradient_start=\u00a0\u00bb#008b6f\u00a0\u00bb background_color_gradient_end=\u00a0\u00bb#008b6f\u00a0\u00bb background_color_gradient_direction=\u00a0\u00bb102deg\u00a0\u00bb background_color_gradient_start_position=\u00a0\u00bb36%\u00a0\u00bb background_color_gradient_end_position=\u00a0\u00bb50%\u00a0\u00bb background_enable_image=\u00a0\u00bboff\u00a0\u00bb background_size=\u00a0\u00bbcontain\u00a0\u00bb background_position=\u00a0\u00bbbottom_right\u00a0\u00bb custom_padding=\u00a0\u00bb5vw||12vw||false|false\u00a0\u00bb custom_padding_tablet=\u00a0\u00bb\u00a0\u00bb custom_padding_phone=\u00a0\u00bb40px||40px||true|false\u00a0\u00bb top_divider_color=\u00a0\u00bb#008b6f\u00a0\u00bb top_divider_height=\u00a0\u00bb500px\u00a0\u00bb top_divider_repeat=\u00a0\u00bb1x\u00a0\u00bb bottom_divider_style=\u00a0\u00bbramp\u00a0\u00bb bottom_divider_height=\u00a0\u00bb12vw\u00a0\u00bb bottom_divider_flip=\u00a0\u00bbvertical\u00a0\u00bb bottom_divider_height_tablet=\u00a0\u00bb\u00a0\u00bb bottom_divider_height_phone=\u00a0\u00bb44px\u00a0\u00bb bottom_divider_height_last_edited=\u00a0\u00bbon|desktop\u00a0\u00bb box_shadow_style__hover=\u00a0\u00bbnone\u00a0\u00bb box_shadow_style__hover_enabled=\u00a0\u00bbnone\u00a0\u00bb box_shadow_color__hover=\u00a0\u00bbrgba(0,0,0,0.3)\u00a0\u00bb box_shadow_color__hover_enabled=\u00a0\u00bbrgba(0,0,0,0.3)\u00a0\u00bb bottom_divider_height__hover_enabled=\u00a0\u00bbon|desktop\u00a0\u00bb bottom_divider_height__hover=\u00a0\u00bb12vw\u00a0\u00bb top_divider_height__hover_enabled=\u00a0\u00bbon|desktop\u00a0\u00bb top_divider_height__hover=\u00a0\u00bb500px\u00a0\u00bb][et_pb_row _builder_version=\u00a0\u00bb4.9.10&Prime; _module_preset=\u00a0\u00bbdefault\u00a0\u00bb custom_padding=\u00a0\u00bb3px|25px|0px|25px|false|true\u00a0\u00bb][et_pb_column type=\u00a0\u00bb4_4&Prime; _builder_version=\u00a0\u00bb4.9.10&Prime; _module_preset=\u00a0\u00bbdefault\u00a0\u00bb][et_pb_text _builder_version=\u00a0\u00bb4.9.10&Prime; _module_preset=\u00a0\u00bbfaccbd0a-99df-41b9-af32-ebad1e6b435e\u00a0\u00bb text_text_color=\u00a0\u00bb#FFFFFF\u00a0\u00bb header_text_color=\u00a0\u00bb#FFFFFF\u00a0\u00bb custom_margin=\u00a0\u00bb||2px||false|false\u00a0\u00bb]<h1>Nos marques<\/h1>\n<p><span style=\"font-size: xx-large;\"><strong><\/strong><\/span><\/p>\n[\/et_pb_text][et_pb_text _builder_version=\u00a0\u00bb4.9.10&Prime; _module_preset=\u00a0\u00bbdefault\u00a0\u00bb text_text_color=\u00a0\u00bb#FFFFFF\u00a0\u00bb header_text_color=\u00a0\u00bb#FFFFFF\u00a0\u00bb]<p><span style=\"font-size: medium;\">Nous repr\u00e9sentons, entre autres, les fabricants renomm\u00e9s suivants de stents et d&rsquo;accessoires d&rsquo;endoscopie en Suisse.<\/span><\/p>\n[\/et_pb_text][\/et_pb_column][\/et_pb_row][\/et_pb_section][et_pb_section fb_built=\u00a0\u00bb1&Prime; _builder_version=\u00a0\u00bb4.9.10&Prime; _module_preset=\u00a0\u00bbdefault\u00a0\u00bb][et_pb_row column_structure=\u00a0\u00bb1_2,1_2&Prime; _builder_version=\u00a0\u00bb4.9.10&Prime; _module_preset=\u00a0\u00bbdefault\u00a0\u00bb custom_padding=\u00a0\u00bb|25px||25px|false|true\u00a0\u00bb][et_pb_column type=\u00a0\u00bb1_2&Prime; _builder_version=\u00a0\u00bb4.9.10&Prime; _module_preset=\u00a0\u00bbdefault\u00a0\u00bb][et_pb_image src=\u00a0\u00bbhttps:\/\/desomedical.ch.candela.sui-inter.net\/wp-content\/uploads\/2021\/08\/MTW-Logo-web.png\u00a0\u00bb title_text=\u00a0\u00bbMTW-Logo-web\u00a0\u00bb _builder_version=\u00a0\u00bb4.9.10&Prime; _module_preset=\u00a0\u00bbdefault\u00a0\u00bb max_width=\u00a0\u00bb350px\u00a0\u00bb module_alignment=\u00a0\u00bbleft\u00a0\u00bb max_height=\u00a0\u00bb90px\u00a0\u00bb][\/et_pb_image][et_pb_text _builder_version=\u00a0\u00bb4.9.10&Prime; _module_preset=\u00a0\u00bbdefault\u00a0\u00bb]<h3>MTW Endoscopie<\/h3>\n<p>Fond\u00e9e en 1974 par Wolfgang Haag, MTW Endoskopie d\u00e9veloppe, produit et distribue dans le monde entier des instruments m\u00e9dicaux innovants pour des applications endoscopiques flexibles. Initialement sp\u00e9cialis\u00e9e dans les produits sur mesure, la gamme de produits a \u00e9t\u00e9 r\u00e9guli\u00e8rement \u00e9largie en raison de la demande croissante des sp\u00e9cialistes m\u00e9dicaux. Au fil des d\u00e9cennies, l&rsquo;entreprise a apport\u00e9 de nombreuses nouveaut\u00e9s sur le march\u00e9.<\/p>\n<p><a href=\"http:\/\/www.mtw-endoskopie.de\">www.mtw-endoskopie.de<\/a><\/p>\n[\/et_pb_text][\/et_pb_column][et_pb_column type=\u00a0\u00bb1_2&Prime; _builder_version=\u00a0\u00bb4.9.10&Prime; _module_preset=\u00a0\u00bbdefault\u00a0\u00bb][et_pb_image src=\u00a0\u00bbhttps:\/\/desomedical.ch.candela.sui-inter.net\/wp-content\/uploads\/2021\/08\/Vytil-Logo.png\u00a0\u00bb title_text=\u00a0\u00bbVytil-Logo\u00a0\u00bb _builder_version=\u00a0\u00bb4.9.10&Prime; _module_preset=\u00a0\u00bbdefault\u00a0\u00bb max_width=\u00a0\u00bb350px\u00a0\u00bb height=\u00a0\u00bb90px\u00a0\u00bb][\/et_pb_image][et_pb_text _builder_version=\u00a0\u00bb4.9.10&Prime; _module_preset=\u00a0\u00bbdefault\u00a0\u00bb]<h3>VYTIL<\/h3>\n<p>Avec 25 ans d&rsquo;exp\u00e9rience dans la distribution de produits m\u00e9dicaux, VYTIL dispose d&rsquo;un r\u00e9seau international de partenaires et s\u00e9lectionne tr\u00e8s soigneusement son portefeuille de produits. Gr\u00e2ce \u00e0 des contr\u00f4les stricts des produits, \u00e0 l&rsquo;accent mis sur l&rsquo;innovation et aux besoins des utilisateurs finaux, la qualit\u00e9 \u00e9lev\u00e9e des produits est garantie.<\/p>\n<p><a href=\"http:\/\/www.vytil.com\">www.vytil.com<\/a><\/p>\n[\/et_pb_text][\/et_pb_column][\/et_pb_row][et_pb_row column_structure=\u00a0\u00bb1_2,1_2&Prime; _builder_version=\u00a0\u00bb4.9.10&Prime; _module_preset=\u00a0\u00bbdefault\u00a0\u00bb custom_padding=\u00a0\u00bb|25px||25px|false|true\u00a0\u00bb][et_pb_column type=\u00a0\u00bb1_2&Prime; _builder_version=\u00a0\u00bb4.9.10&Prime; _module_preset=\u00a0\u00bbdefault\u00a0\u00bb][et_pb_image src=\u00a0\u00bbhttps:\/\/desomedical.ch.candela.sui-inter.net\/wp-content\/uploads\/2021\/08\/M.I.-Tech-Logo.png\u00a0\u00bb title_text=\u00a0\u00bbM.I.-Tech-Logo\u00a0\u00bb align=\u00a0\u00bbcenter\u00a0\u00bb _builder_version=\u00a0\u00bb4.9.10&Prime; _module_preset=\u00a0\u00bbdefault\u00a0\u00bb width=\u00a0\u00bb100%\u00a0\u00bb max_width=\u00a0\u00bb350px\u00a0\u00bb module_alignment=\u00a0\u00bbleft\u00a0\u00bb][\/et_pb_image][et_pb_text _builder_version=\u00a0\u00bb4.9.10&Prime; _module_preset=\u00a0\u00bbdefault\u00a0\u00bb hover_enabled=\u00a0\u00bb0&Prime; sticky_enabled=\u00a0\u00bb0&Prime;]<h3>HANAROSTENT<\/h3>\n<p>Depuis 1991, M.I.Tech d\u00e9veloppe son propre stent non vasculaire unique, HANAROSTENT, pour am\u00e9liorer la qualit\u00e9 de vie des patients. En tirant parti de leurs ann\u00e9es d&rsquo;exp\u00e9rience et en adh\u00e9rant \u00e0 la norme mondiale ISO 13485:2016, les exigences de qualit\u00e9 dans le domaine de la m\u00e9decine interventionnelle peuvent \u00eatre satisfaites.<\/p>\n<p><a href=\"http:\/\/www.mitech.co.kr\">www.mitech.co.kr<\/a><\/p>\n[\/et_pb_text][\/et_pb_column][et_pb_column type=\u00a0\u00bb1_2&Prime; _builder_version=\u00a0\u00bb4.9.10&Prime; _module_preset=\u00a0\u00bbdefault\u00a0\u00bb][et_pb_image src=\u00a0\u00bbhttps:\/\/desomedical.ch.candela.sui-inter.net\/wp-content\/uploads\/2021\/08\/Steris-Logo.svg_.png\u00a0\u00bb title_text=\u00a0\u00bbSteris-Logo.svg\u00a0\u00bb align=\u00a0\u00bbcenter\u00a0\u00bb _builder_version=\u00a0\u00bb4.9.10&Prime; _module_preset=\u00a0\u00bbdefault\u00a0\u00bb max_width=\u00a0\u00bb350px\u00a0\u00bb module_alignment=\u00a0\u00bbleft\u00a0\u00bb][\/et_pb_image][et_pb_text _builder_version=\u00a0\u00bb4.9.10&Prime; _module_preset=\u00a0\u00bbdefault\u00a0\u00bb]<h3>STERIS<\/h3>\n<p>STERIS est l&rsquo;un des principaux fournisseurs de produits et services de pr\u00e9vention des infections et d&rsquo;autres proc\u00e9dures. L&rsquo;entreprise se concentre principalement sur les clients des secteurs des soins de sant\u00e9, des produits pharmaceutiques et des dispositifs m\u00e9dicaux. DesoMedical propose des produits de la gamme endoscopie en Suisse.<\/p>\n<p><a href=\"http:\/\/www.steris.com\">www.steris.com<\/a><\/p>\n[\/et_pb_text][\/et_pb_column][\/et_pb_row][\/et_pb_section]\n","protected":false},"excerpt":{"rendered":"<p>Nos marques Nous repr\u00e9sentons, entre&#8230;<\/p>\n","protected":false},"author":1,"featured_media":0,"parent":0,"menu_order":0,"comment_status":"closed","ping_status":"closed","template":"full_width.php","meta":{"_et_pb_use_builder":"on","_et_pb_old_content":"","_et_gb_content_width":"","footnotes":""},"class_list":["post-1018","page","type-page","status-publish","hentry"],"_links":{"self":[{"href":"https:\/\/desomedical.ch\/fr\/wp-json\/wp\/v2\/pages\/1018","targetHints":{"allow":["GET"]}}],"collection":[{"href":"https:\/\/desomedical.ch\/fr\/wp-json\/wp\/v2\/pages"}],"about":[{"href":"https:\/\/desomedical.ch\/fr\/wp-json\/wp\/v2\/types\/page"}],"author":[{"embeddable":true,"href":"https:\/\/desomedical.ch\/fr\/wp-json\/wp\/v2\/users\/1"}],"replies":[{"embeddable":true,"href":"https:\/\/desomedical.ch\/fr\/wp-json\/wp\/v2\/comments?post=1018"}],"version-history":[{"count":5,"href":"https:\/\/desomedical.ch\/fr\/wp-json\/wp\/v2\/pages\/1018\/revisions"}],"predecessor-version":[{"id":1069,"href":"https:\/\/desomedical.ch\/fr\/wp-json\/wp\/v2\/pages\/1018\/revisions\/1069"}],"wp:attachment":[{"href":"https:\/\/desomedical.ch\/fr\/wp-json\/wp\/v2\/media?parent=1018"}],"curies":[{"name":"wp","href":"https:\/\/api.w.org\/{rel}","templated":true}]}}